{"id":2949,"date":"2022-01-27T10:43:00","date_gmt":"2022-01-27T09:43:00","guid":{"rendered":"http:\/\/transfer.vision-components.com\/?page_id=2949"},"modified":"2025-06-11T12:47:47","modified_gmt":"2025-06-11T10:47:47","slug":"imprint","status":"publish","type":"page","link":"https:\/\/www.mipi-modules.com\/en\/impressum\/","title":{"rendered":"Imprint"},"content":{"rendered":"<div data-elementor-type=\"wp-page\" data-elementor-id=\"2949\" class=\"elementor elementor-2949\" data-elementor-post-type=\"page\">\n\t\t\t\t<div class=\"elementor-element elementor-element-1b9becf e-con-full vc-gradient e-flex e-con e-parent\" data-id=\"1b9becf\" data-element_type=\"container\" data-e-type=\"container\" data-settings=\"{&quot;background_background&quot;:&quot;classic&quot;}\">\n\t\t<div class=\"elementor-element elementor-element-6504d93 vc-content e-con-full e-flex e-con e-child\" data-id=\"6504d93\" data-element_type=\"container\" data-e-type=\"container\">\n\t\t<div class=\"elementor-element elementor-element-3f22568 e-con-full e-flex e-con e-child\" data-id=\"3f22568\" data-element_type=\"container\" data-e-type=\"container\">\n\t\t<div class=\"elementor-element elementor-element-20bde0f e-con-full e-flex e-con e-child\" data-id=\"20bde0f\" data-element_type=\"container\" data-e-type=\"container\">\n\t\t\t\t<div class=\"elementor-element elementor-element-dac5778 vc-color-white vc-padding-bottom-80-desktop vc-padding-top-80-desktop elementor-widget elementor-widget-heading\" data-id=\"dac5778\" data-element_type=\"widget\" data-e-type=\"widget\" data-widget_type=\"heading.default\">\n\t\t\t\t\t<h1 class=\"elementor-heading-title elementor-size-default\">Imprint<\/h1>\t\t\t\t<\/div>\n\t\t\t\t<\/div>\n\t\t\t\t<\/div>\n\t\t\t\t<\/div>\n\t\t\t\t<\/div>\n\t\t<div class=\"elementor-element elementor-element-59de05f vc-content-padding vc-bg-special-white-grey e-flex e-con-boxed e-con e-parent\" data-id=\"59de05f\" data-element_type=\"container\" data-e-type=\"container\">\n\t\t\t\t\t<div class=\"e-con-inner\">\n\t\t<div class=\"elementor-element elementor-element-2eac6e7 vc-content e-con-full e-flex e-con e-child\" data-id=\"2eac6e7\" data-element_type=\"container\" data-e-type=\"container\">\n\t\t<div class=\"elementor-element elementor-element-929d9bc e-con-full e-flex e-con e-child\" data-id=\"929d9bc\" data-element_type=\"container\" data-e-type=\"container\">\n\t\t<div class=\"elementor-element elementor-element-b382841 e-con-full e-flex e-con e-child\" data-id=\"b382841\" data-element_type=\"container\" data-e-type=\"container\">\n\t\t\t\t<div class=\"elementor-element elementor-element-1143e66 elementor-widget elementor-widget-text-editor\" data-id=\"1143e66\" data-element_type=\"widget\" data-e-type=\"widget\" data-widget_type=\"text-editor.default\">\n\t\t\t\t\t\t\t\t\t<p><strong>Vision Components<\/strong><br \/>Gesellschaft f\u00fcr<br \/>Bildverarbeitungssysteme mbH<br \/>Ottostr. 2<br \/>76275 Ettlingen<\/p><p>\u00a0<\/p><p>Phone +49 7243 21 67-0<\/p><p>\u00a0<\/p><p><a href=\"https:\/\/www.vision-components.com\/en\/\" target=\"_blank\" rel=\"noopener\">www.vision-components.com<\/a><br \/><a href=\"mailto:sales@mipi-modules.com\">sales@mipi-modules.com<\/a><\/p>\t\t\t\t\t\t\t\t<\/div>\n\t\t\t\t<\/div>\n\t\t\t\t<\/div>\n\t\t\t\t<\/div>\n\t\t<div class=\"elementor-element elementor-element-69b18f9 vc-content e-con-full e-flex e-con e-child\" data-id=\"69b18f9\" data-element_type=\"container\" data-e-type=\"container\">\n\t\t<div class=\"elementor-element elementor-element-259b54b e-con-full e-flex e-con e-child\" data-id=\"259b54b\" data-element_type=\"container\" data-e-type=\"container\">\n\t\t<div class=\"elementor-element elementor-element-4be9660 e-con-full e-flex e-con e-child\" data-id=\"4be9660\" data-element_type=\"container\" data-e-type=\"container\">\n\t\t\t\t<div class=\"elementor-element elementor-element-1c58d4e elementor-widget elementor-widget-text-editor\" data-id=\"1c58d4e\" data-element_type=\"widget\" data-e-type=\"widget\" data-widget_type=\"text-editor.default\">\n\t\t\t\t\t\t\t\t\t<p><strong>Obligatory data \u00a7 5 TMG<\/strong> <br \/><br \/><\/p><p><strong>Managing Directors:<\/strong> <br \/>Michael Engel, Jan-Erik Schmitt <br \/><br \/><\/p><p><strong>Registered business address:<\/strong> <br \/>Ettlingen <br \/><br \/><\/p><p><strong>Commercial register number:<\/strong> <br \/>Mannheim HRB362458 <br \/><br \/><\/p><p><strong>Sales tax identification number:<\/strong> <br \/>DE178352913<\/p>\t\t\t\t\t\t\t\t<\/div>\n\t\t\t\t<\/div>\n\t\t\t\t<\/div>\n\t\t\t\t<\/div>\n\t\t\t\t\t<\/div>\n\t\t\t\t<\/div>\n\t\t<div class=\"elementor-element elementor-element-1e0ec80 vc-content-padding  e-flex e-con-boxed e-con e-parent\" data-id=\"1e0ec80\" data-element_type=\"container\" data-e-type=\"container\">\n\t\t\t\t\t<div class=\"e-con-inner\">\n\t\t<div class=\"elementor-element elementor-element-e8cbb05 vc-content e-con-full e-flex e-con e-child\" data-id=\"e8cbb05\" data-element_type=\"container\" data-e-type=\"container\">\n\t\t<div class=\"elementor-element elementor-element-8bf4b8f e-con-full e-flex e-con e-child\" data-id=\"8bf4b8f\" data-element_type=\"container\" data-e-type=\"container\">\n\t\t<div class=\"elementor-element elementor-element-87db45c e-con-full e-flex e-con e-child\" data-id=\"87db45c\" data-element_type=\"container\" data-e-type=\"container\">\n\t\t\t\t<div class=\"elementor-element elementor-element-f0f555f vc-margin-bottom-32 elementor-widget elementor-widget-text-editor\" data-id=\"f0f555f\" data-element_type=\"widget\" data-e-type=\"widget\" data-widget_type=\"text-editor.default\">\n\t\t\t\t\t\t\t\t\t<p><strong>Disclaimer<\/strong><\/p>\t\t\t\t\t\t\t\t<\/div>\n\t\t\t\t<div class=\"elementor-element elementor-element-981e75d vc-margin-bottom-32 elementor-widget elementor-widget-text-editor\" data-id=\"981e75d\" data-element_type=\"widget\" data-e-type=\"widget\" data-widget_type=\"text-editor.default\">\n\t\t\t\t\t\t\t\t\t<strong>1. Content<\/strong> <br>\nThe author reserves the right not to be responsible for the topicality, correctness, completeness or quality of the information provided. Liability claims regarding damage caused by the use of any information provided, including any kind of information which is incomplete or incorrect,will therefore be rejected. \nAll offers are not-binding and without obligation. Parts of the pages or the complete publication including all offers and information might be extended, changed or partly or completely deleted by the author without separate announcement. <br>\n\nAlle Angebote sind freibleibend und unverbindlich. Der Autor beh\u00e4lt es sich ausdr\u00fccklich vor, Teile der Seiten oder das gesamte Angebot ohne gesonderte Ank\u00fcndigung zu ver\u00e4ndern, zu erg\u00e4nzen, zu l\u00f6schen oder die Ver\u00f6ffentlichung zeitweise oder endg\u00fcltig einzustellen.\t\t\t\t\t\t\t\t<\/div>\n\t\t\t\t<div class=\"elementor-element elementor-element-d8b9f76 vc-margin-bottom-32 elementor-widget elementor-widget-text-editor\" data-id=\"d8b9f76\" data-element_type=\"widget\" data-e-type=\"widget\" data-widget_type=\"text-editor.default\">\n\t\t\t\t\t\t\t\t\t<strong>2. Referrals and links<\/strong> <br>\nThe author is not responsible for any contents linked or referred to from his pages \u2013 unless he has full knowledge of illegal contents and would be able to prevent the visitors of his site fromviewing those pages. If any damage occurs by the use of information presented there, only the author of the respective pages might be liable, not the one who has linked to these pages. Furthermore the author is not liable for any postings or messages published by users of discussion boards, guestbooks or mailinglists provided on his page.\t\t\t\t\t\t\t\t<\/div>\n\t\t\t\t<div class=\"elementor-element elementor-element-949997a vc-margin-bottom-32 elementor-widget elementor-widget-text-editor\" data-id=\"949997a\" data-element_type=\"widget\" data-e-type=\"widget\" data-widget_type=\"text-editor.default\">\n\t\t\t\t\t\t\t\t\t<p class=\"translation-block\"><strong>3. Copyright <\/strong> <br>The author intended not to use any copyrighted material for the publication or, if not possible, to indicate the copyright of the respective object. \nThe copyright for any material created by the author is reserved. Any duplication or use of objects such as images, diagrams, sounds or texts in other electronic or printed publications is not permitted without the author's agreement.<\/p>\t\t\t\t\t\t\t\t<\/div>\n\t\t\t\t<div class=\"elementor-element elementor-element-c002dd1 vc-margin-bottom-32 elementor-widget elementor-widget-text-editor\" data-id=\"c002dd1\" data-element_type=\"widget\" data-e-type=\"widget\" data-widget_type=\"text-editor.default\">\n\t\t\t\t\t\t\t\t\t<p><strong>4. Legal validity of this disclaimer<\/strong> <br \/>This disclaimer is to be regarded as part of the internet publication which you were referred from. If sections or individual terms of this statement are not legal or correct, the content or validity of the other parts remain uninfluenced by this fact.<\/p>\t\t\t\t\t\t\t\t<\/div>\n\t\t\t\t<\/div>\n\t\t\t\t<\/div>\n\t\t\t\t<\/div>\n\t\t\t\t\t<\/div>\n\t\t\t\t<\/div>\n\t\t\t\t<\/div>","protected":false},"excerpt":{"rendered":"<p>Impressum Vision ComponentsGesellschaft f\u00fcrBildverarbeitungssysteme mbHOttostr. 276275 Ettlingen \u00a0 Telefon +49 7243 21 67-0 \u00a0 www.vision-components.comsales@mipi-modules.com Pflichtangaben nach \u00a7 5 TMG Gesch\u00e4ftsf\u00fchrer: Michael Engel, Jan-Erik Schmitt Firmensitz: Ettlingen Registergericht: Mannheim HRB362458 Umsatzsteuer-Identifikationsnummer: DE178352913 Haftungsausschluss 1. Inhalt des Onlineangebotes Der Autor \u00fcbernimmt keinerlei Gew\u00e4hr f\u00fcr die Aktualit\u00e4t, Korrektheit, Vollst\u00e4ndigkeit oder Qualit\u00e4t der bereitgestellten Informationen. Haftungsanspr\u00fcche gegen den [&hellip;]<\/p>\n","protected":false},"author":1,"featured_media":0,"parent":0,"menu_order":18,"comment_status":"closed","ping_status":"closed","template":"","meta":{"_acf_changed":false,"inline_featured_image":false,"schema_is_product":false,"footnotes":""},"class_list":["post-2949","page","type-page","status-publish","hentry"],"acf":[],"yoast_head":"<!-- This site is optimized with the Yoast SEO plugin v27.4 - https:\/\/yoast.com\/product\/yoast-seo-wordpress\/ -->\n<title>Impressum<\/title>\n<meta name=\"description\" content=\"Impressum: Vision Components | Gesellschaft f\u00fcr Bildverarbeitungssysteme mbH | Ottostr. 2 | D-76275 Ettlingen\" \/>\n<meta name=\"robots\" content=\"index, follow, max-snippet:-1, max-image-preview:large, max-video-preview:-1\" \/>\n<link rel=\"canonical\" href=\"https:\/\/www.mipi-modules.com\/en\/imprint\/\" \/>\n<meta property=\"og:locale\" content=\"en_GB\" \/>\n<meta property=\"og:type\" content=\"article\" \/>\n<meta property=\"og:title\" content=\"Impressum\" \/>\n<meta property=\"og:description\" content=\"Impressum: Vision Components | Gesellschaft f\u00fcr Bildverarbeitungssysteme mbH | Ottostr. 2 | D-76275 Ettlingen\" \/>\n<meta property=\"og:url\" content=\"https:\/\/www.mipi-modules.com\/en\/imprint\/\" \/>\n<meta property=\"og:site_name\" content=\"MIPI MODULES\" \/>\n<meta property=\"article:publisher\" content=\"https:\/\/www.facebook.com\/profile.php?id=100063500276571\" \/>\n<meta property=\"article:modified_time\" content=\"2025-06-11T10:47:47+00:00\" \/>\n<meta name=\"twitter:label1\" content=\"Estimated reading time\" \/>\n\t<meta name=\"twitter:data1\" content=\"3 minutes\" \/>\n<script type=\"application\/ld+json\" class=\"yoast-schema-graph\">{\"@context\":\"https:\\\/\\\/schema.org\",\"@graph\":[{\"@type\":\"WebPage\",\"@id\":\"https:\\\/\\\/www.mipi-modules.com\\\/impressum\\\/\",\"url\":\"https:\\\/\\\/www.mipi-modules.com\\\/impressum\\\/\",\"name\":\"Impressum\",\"isPartOf\":{\"@id\":\"https:\\\/\\\/www.mipi-modules.com\\\/#website\"},\"datePublished\":\"2022-01-27T09:43:00+00:00\",\"dateModified\":\"2025-06-11T10:47:47+00:00\",\"description\":\"Impressum: Vision Components | Gesellschaft f\u00fcr Bildverarbeitungssysteme mbH | Ottostr. 2 | D-76275 Ettlingen\",\"breadcrumb\":{\"@id\":\"https:\\\/\\\/www.mipi-modules.com\\\/impressum\\\/#breadcrumb\"},\"inLanguage\":\"en-GB\",\"potentialAction\":[{\"@type\":\"ReadAction\",\"target\":[\"https:\\\/\\\/www.mipi-modules.com\\\/impressum\\\/\"]}]},{\"@type\":\"BreadcrumbList\",\"@id\":\"https:\\\/\\\/www.mipi-modules.com\\\/impressum\\\/#breadcrumb\",\"itemListElement\":[{\"@type\":\"ListItem\",\"position\":1,\"name\":\"Startseite\",\"item\":\"https:\\\/\\\/www.mipi-modules.com\\\/\"},{\"@type\":\"ListItem\",\"position\":2,\"name\":\"Impressum\"}]},{\"@type\":\"WebSite\",\"@id\":\"https:\\\/\\\/www.mipi-modules.com\\\/#website\",\"url\":\"https:\\\/\\\/www.mipi-modules.com\\\/\",\"name\":\"MIPI MODULES\",\"description\":\"\",\"publisher\":{\"@id\":\"https:\\\/\\\/www.mipi-modules.com\\\/#organization\"},\"potentialAction\":[{\"@type\":\"SearchAction\",\"target\":{\"@type\":\"EntryPoint\",\"urlTemplate\":\"https:\\\/\\\/www.mipi-modules.com\\\/?s={search_term_string}\"},\"query-input\":{\"@type\":\"PropertyValueSpecification\",\"valueRequired\":true,\"valueName\":\"search_term_string\"}}],\"inLanguage\":\"en-GB\"},{\"@type\":\"Organization\",\"@id\":\"https:\\\/\\\/www.mipi-modules.com\\\/#organization\",\"name\":\"Vision Components GmbH\",\"url\":\"https:\\\/\\\/www.mipi-modules.com\\\/\",\"logo\":{\"@type\":\"ImageObject\",\"inLanguage\":\"en-GB\",\"@id\":\"https:\\\/\\\/www.mipi-modules.com\\\/#\\\/schema\\\/logo\\\/image\\\/\",\"url\":\"https:\\\/\\\/www.mipi-modules.com\\\/wp-content\\\/uploads\\\/2023\\\/03\\\/logo_vc_Zeichenflache-1-03_Zeichenflache-1-03.svg\",\"contentUrl\":\"https:\\\/\\\/www.mipi-modules.com\\\/wp-content\\\/uploads\\\/2023\\\/03\\\/logo_vc_Zeichenflache-1-03_Zeichenflache-1-03.svg\",\"width\":1,\"height\":1,\"caption\":\"Vision Components GmbH\"},\"image\":{\"@id\":\"https:\\\/\\\/www.mipi-modules.com\\\/#\\\/schema\\\/logo\\\/image\\\/\"},\"sameAs\":[\"https:\\\/\\\/www.facebook.com\\\/profile.php?id=100063500276571\",\"https:\\\/\\\/x.com\\\/VisionComponent\",\"https:\\\/\\\/www.linkedin.com\\\/company\\\/vision-components-gmbh\\\/\",\"https:\\\/\\\/www.youtube.com\\\/user\\\/VisionComponents\"]}]}<\/script>\n<!-- \/ Yoast SEO plugin. -->","yoast_head_json":{"title":"Imprint","description":"Imprint: Vision Components | Gesellschaft f\u00fcr Bildverarbeitungssysteme mbH | Ottostr. 2 | D-76275 Ettlingen, Germany","robots":{"index":"index","follow":"follow","max-snippet":"max-snippet:-1","max-image-preview":"max-image-preview:large","max-video-preview":"max-video-preview:-1"},"canonical":"https:\/\/www.mipi-modules.com\/en\/imprint\/","og_locale":"en_GB","og_type":"article","og_title":"Impressum","og_description":"Impressum: Vision Components | Gesellschaft f\u00fcr Bildverarbeitungssysteme mbH | Ottostr. 2 | D-76275 Ettlingen","og_url":"https:\/\/www.mipi-modules.com\/en\/imprint\/","og_site_name":"MIPI MODULES","article_publisher":"https:\/\/www.facebook.com\/profile.php?id=100063500276571","article_modified_time":"2025-06-11T10:47:47+00:00","twitter_misc":{"Estimated reading time":"3 minutes"},"schema":{"@context":"https:\/\/schema.org","@graph":[{"@type":"WebPage","@id":"https:\/\/www.mipi-modules.com\/impressum\/","url":"https:\/\/www.mipi-modules.com\/impressum\/","name":"Imprint","isPartOf":{"@id":"https:\/\/www.mipi-modules.com\/#website"},"datePublished":"2022-01-27T09:43:00+00:00","dateModified":"2025-06-11T10:47:47+00:00","description":"Imprint: Vision Components | Gesellschaft f\u00fcr Bildverarbeitungssysteme mbH | Ottostr. 2 | D-76275 Ettlingen, Germany","breadcrumb":{"@id":"https:\/\/www.mipi-modules.com\/impressum\/#breadcrumb"},"inLanguage":"en-GB","potentialAction":[{"@type":"ReadAction","target":["https:\/\/www.mipi-modules.com\/impressum\/"]}]},{"@type":"BreadcrumbList","@id":"https:\/\/www.mipi-modules.com\/impressum\/#breadcrumb","itemListElement":[{"@type":"ListItem","position":1,"name":"Startseite","item":"https:\/\/www.mipi-modules.com\/"},{"@type":"ListItem","position":2,"name":"Impressum"}]},{"@type":"WebSite","@id":"https:\/\/www.mipi-modules.com\/#website","url":"https:\/\/www.mipi-modules.com\/","name":"MIPI MODULES","description":"","publisher":{"@id":"https:\/\/www.mipi-modules.com\/#organization"},"potentialAction":[{"@type":"SearchAction","target":{"@type":"EntryPoint","urlTemplate":"https:\/\/www.mipi-modules.com\/?s={search_term_string}"},"query-input":{"@type":"PropertyValueSpecification","valueRequired":true,"valueName":"search_term_string"}}],"inLanguage":"en-GB"},{"@type":"Organization","@id":"https:\/\/www.mipi-modules.com\/#organization","name":"Vision Components GmbH","url":"https:\/\/www.mipi-modules.com\/","logo":{"@type":"ImageObject","inLanguage":"en-GB","@id":"https:\/\/www.mipi-modules.com\/#\/schema\/logo\/image\/","url":"https:\/\/www.mipi-modules.com\/wp-content\/uploads\/2023\/03\/logo_vc_Zeichenflache-1-03_Zeichenflache-1-03.svg","contentUrl":"https:\/\/www.mipi-modules.com\/wp-content\/uploads\/2023\/03\/logo_vc_Zeichenflache-1-03_Zeichenflache-1-03.svg","width":1,"height":1,"caption":"Vision Components GmbH"},"image":{"@id":"https:\/\/www.mipi-modules.com\/#\/schema\/logo\/image\/"},"sameAs":["https:\/\/www.facebook.com\/profile.php?id=100063500276571","https:\/\/x.com\/VisionComponent","https:\/\/www.linkedin.com\/company\/vision-components-gmbh\/","https:\/\/www.youtube.com\/user\/VisionComponents"]}]}},"_links":{"self":[{"href":"https:\/\/www.mipi-modules.com\/en\/wp-json\/wp\/v2\/pages\/2949","targetHints":{"allow":["GET"]}}],"collection":[{"href":"https:\/\/www.mipi-modules.com\/en\/wp-json\/wp\/v2\/pages"}],"about":[{"href":"https:\/\/www.mipi-modules.com\/en\/wp-json\/wp\/v2\/types\/page"}],"author":[{"embeddable":true,"href":"https:\/\/www.mipi-modules.com\/en\/wp-json\/wp\/v2\/users\/1"}],"replies":[{"embeddable":true,"href":"https:\/\/www.mipi-modules.com\/en\/wp-json\/wp\/v2\/comments?post=2949"}],"version-history":[{"count":3,"href":"https:\/\/www.mipi-modules.com\/en\/wp-json\/wp\/v2\/pages\/2949\/revisions"}],"predecessor-version":[{"id":36746,"href":"https:\/\/www.mipi-modules.com\/en\/wp-json\/wp\/v2\/pages\/2949\/revisions\/36746"}],"wp:attachment":[{"href":"https:\/\/www.mipi-modules.com\/en\/wp-json\/wp\/v2\/media?parent=2949"}],"curies":[{"name":"wp","href":"https:\/\/api.w.org\/{rel}","templated":true}]}}